{"id":112,"date":"2024-03-18T20:19:05","date_gmt":"2024-03-18T20:19:05","guid":{"rendered":"https:\/\/jjr.kami-mac.com\/?page_id=112"},"modified":"2024-03-21T13:37:53","modified_gmt":"2024-03-21T13:37:53","slug":"nsi-titulo","status":"publish","type":"page","link":"https:\/\/jjr.kami-mac.com\/","title":{"rendered":"NSI TITULO"},"content":{"rendered":"<p><div id=\"element_1177667835660\" class=\"wl_row \" ><div class=\"inner-row\"><div id=\"element_2\" class=\"wl_column grid-12\"><div class=\"inner-column\" ><div id=\"element-3\" class=\"section-head center dc- dc-color-secondary\"><div><h1 style=\"color:#8224e3\" class=\"section-main-title \">NSI<\/h1><\/div><\/div><div id=\"element-4\" class=\"section-head center dc- dc-color-secondary\"><div><h3 style=\"color:#a469e0\" class=\"section-main-title \">No Seas Invisible <\/h3><\/div><\/div><div id=\"element_5\" class=\"el-menu\"><div id=\"element_6\" class=\"wl_image\"><div class=\"image-align-\"><img decoding=\"async\"  class=\"img-responsive style-circle\" src=\"https:\/\/jjr.kami-mac.com\/wp-content\/uploads\/2024\/03\/a930277f-7677-4fcf-8d23-0d3ae3eb8154-500x500.jpeg\" alt=\"\"\/><\/div><\/div><div class=\"regular-menu\"><\/div><button class=\"navbar-toggle toggle-menu\" type=\"button\" onclick=\"javascript:;\" data-toggle=\"collapse\" data-target=\".mobile-menu\">\r\n    <span class=\"menu-bar\">\r\n      <span><\/span>\r\n      <span><\/span>\r\n      <span><\/span>\r\n    <\/span>\r\n  <\/button><div class=\"mobile-menu collapse\"><\/div><\/div><div id=\"element_7177667835633\" class=\"wl_row\"><div class=\"inner-row\"><div id=\"element_8\" class=\"wl_column grid-12\"><div class=\"inner-column\" ><div id=\"element_9177667835675\" class=\"wl_text content-center\"><p><iframe loading=\"lazy\" frameborder=\"0\" width=\"100%\" height=\"400px\" src=\"https:\/\/create.withcode.uk\/run\/Q2T\"><a target=\"_blank\" href=\"https:\/\/create.withcode.uk\/python\/Q2T\">create.withcode.uk<\/a><\/iframe><\/p>\n<\/div><\/div><\/div><\/div><\/div><section id=\"element_10177667835625\" class=\"wl_separator separator_model_6\" style=\"height: 50px;\">\r\n                        <svg preserveAspectRatio=\"none\" viewBox=\"0 0 100 100\" height=\"100%\" width=\"100%\" version=\"1.1\" xmlns=\"http:\/\/www.w3.org\/2000\/svg\" >\r\n                            <path d=\"M-0 50  C20 0, 30 0,50 50 S 80 100,100 50  L100 101 L-0 101 Z\" fill=\"#f7f7f7\" stroke-width=\"0\" stroke=\"\"\/> \r\n                            <path d=\"M-0 -1 L-0 50 C20 0, 30 0,50 50 S 80 100,100 50  L100 -1 Z\" fill=\"#91eacf\" stroke-width=\"0\" stroke=\"\"\/>\r\n                        <\/svg><\/section><div id=\"element-11\" class=\"section-head center dc- dc-color-secondary\"><div><h4 style=\"color:#a363e2\" class=\"section-main-title \">Miembros <\/h4><\/div><\/div><div id=\"element_12\" class=\"el-menu\"><div class=\"regular-menu\"><\/div><button class=\"navbar-toggle toggle-menu\" type=\"button\" onclick=\"javascript:;\" data-toggle=\"collapse\" data-target=\".mobile-menu\">\r\n    <span class=\"menu-bar\">\r\n      <span><\/span>\r\n      <span><\/span>\r\n      <span><\/span>\r\n    <\/span>\r\n  <\/button><div class=\"mobile-menu collapse\"><\/div><\/div><\/div><\/div><\/div><\/div><div id=\"element_13177667835628\" class=\"wl_row \" ><div class=\"inner-row\"><div id=\"element_14\" class=\"wl_column grid-2\"><div class=\"inner-column\" ><section id=\"element_15177667835659\" class=\"wl_separator separator_model_6\" style=\"height: 50px;\">\r\n                        <svg preserveAspectRatio=\"none\" viewBox=\"0 0 100 100\" height=\"100%\" width=\"100%\" version=\"1.1\" xmlns=\"http:\/\/www.w3.org\/2000\/svg\" >\r\n                            <path d=\"M-0 50  C20 0, 30 0,50 50 S 80 100,100 50  L100 101 L-0 101 Z\" fill=\"#f7f7f7\" stroke-width=\"0\" stroke=\"\"\/> \r\n                            <path d=\"M-0 -1 L-0 50 C20 0, 30 0,50 50 S 80 100,100 50  L100 -1 Z\" fill=\"#91eacf\" stroke-width=\"0\" stroke=\"\"\/>\r\n                        <\/svg><\/section><div id=\"element_16\" class=\"wl_team_custom title-top style- content-align-center clearfix\" ><div class=\"profile\"><h3 class=\"profile-heading \" ><span>Maryjo<\/span><\/h3><h4 class=\"profile-subheading sub-heading \">Programadora<\/h4><figure><div class=\"top-image\"><img decoding=\"async\" style=\"\" src=\"https:\/\/jjr.kami-mac.com\/wp-content\/uploads\/2024\/01\/mj.jpg\" class=\"img-responsive\" alt=\"\" \/><\/div><figcaption><p>Yo me un\u00ed a este proyecto porque quiero apoyar a las personas que se sienten mal y no saben en donde buscar ayuda o como pedirla, quiero que puedan disfrutar la vida y estar felices, me gustar\u00eda demostrarles que este tipo de aplicaci\u00f3nes si es de ayuda y pueden conf\u00edan en estas<\/p><ul class=\"profile-scocial\"><\/ul><\/figcaption><\/figure><\/div><\/div><\/div><\/div><div id=\"element_17\" class=\"wl_column grid-2\"><div class=\"inner-column\" ><section id=\"element_18177667835686\" class=\"wl_separator separator_model_6\" style=\"height: 50px;\">\r\n                        <svg preserveAspectRatio=\"none\" viewBox=\"0 0 100 100\" height=\"100%\" width=\"100%\" version=\"1.1\" xmlns=\"http:\/\/www.w3.org\/2000\/svg\" >\r\n                            <path d=\"M-0 50  C20 0, 30 0,50 50 S 80 100,100 50  L100 101 L-0 101 Z\" fill=\"#f7f7f7\" stroke-width=\"0\" stroke=\"\"\/> \r\n                            <path d=\"M-0 -1 L-0 50 C20 0, 30 0,50 50 S 80 100,100 50  L100 -1 Z\" fill=\"#91eacf\" stroke-width=\"0\" stroke=\"\"\/>\r\n                        <\/svg><\/section><div id=\"element_19\" class=\"wl_team_custom title-top style- content-align-center clearfix\" ><div class=\"profile\"><h3 class=\"profile-heading \" ><span>Camila Nu\u00f1ez<\/span><\/h3><h4 class=\"profile-subheading sub-heading \">Programadora<\/h4><figure><div class=\"top-image\"><img decoding=\"async\" style=\"\" src=\"https:\/\/jjr.kami-mac.com\/wp-content\/uploads\/2024\/03\/camila.jpg\" class=\"img-responsive\" alt=\"\" \/><\/div><figcaption><p>Me uni a NSI para que las personas se fortalezcan en sus debilidades y aprender de tus errores o lo que te pase<\/p><ul class=\"profile-scocial\"><\/ul><\/figcaption><\/figure><\/div><\/div><\/div><\/div><div id=\"element_20\" class=\"wl_column grid-2\"><div class=\"inner-column\" ><section id=\"element_21177667835615\" class=\"wl_separator separator_model_6\" style=\"height: 50px;\">\r\n                        <svg preserveAspectRatio=\"none\" viewBox=\"0 0 100 100\" height=\"100%\" width=\"100%\" version=\"1.1\" xmlns=\"http:\/\/www.w3.org\/2000\/svg\" >\r\n                            <path d=\"M-0 50  C20 0, 30 0,50 50 S 80 100,100 50  L100 101 L-0 101 Z\" fill=\"#f7f7f7\" stroke-width=\"0\" stroke=\"\"\/> \r\n                            <path d=\"M-0 -1 L-0 50 C20 0, 30 0,50 50 S 80 100,100 50  L100 -1 Z\" fill=\"#91eacf\" stroke-width=\"0\" stroke=\"\"\/>\r\n                        <\/svg><\/section><div id=\"element_22\" class=\"wl_team_custom title-top style- content-align-center clearfix\" ><div class=\"profile\"><h3 class=\"profile-heading \" ><span>Camila <\/span><\/h3><h4 class=\"profile-subheading sub-heading \">Informacion<\/h4><figure><div class=\"top-image\"><img decoding=\"async\" style=\"\" src=\"https:\/\/jjr.kami-mac.com\/wp-content\/uploads\/2024\/03\/yo.jpeg\" class=\"img-responsive\" alt=\"\" \/><\/div><figcaption><p>Hola mi nombre es Camila y yo decid\u00ed apoyar este proyecto ya que aparte de que me gustar\u00eda apoyar a las personas las cuales tienen un cierto nivel de depresi\u00f3n y puedan atenderse r\u00e1pidamente y no pasar a algo mayor, y el software que nosotras creamos te puede apoyar con eso por lo que es una cierta ayuda hacia aquellas personas, espero y sirva mucho en un futuro. <\/p><ul class=\"profile-scocial\"><\/ul><\/figcaption><\/figure><\/div><\/div><\/div><\/div><div id=\"element_23\" class=\"wl_column grid-2\"><div class=\"inner-column\" ><section id=\"element_24177667835616\" class=\"wl_separator separator_model_6\" style=\"height: 50px;\">\r\n                        <svg preserveAspectRatio=\"none\" viewBox=\"0 0 100 100\" height=\"100%\" width=\"100%\" version=\"1.1\" xmlns=\"http:\/\/www.w3.org\/2000\/svg\" >\r\n                            <path d=\"M-0 50  C20 0, 30 0,50 50 S 80 100,100 50  L100 101 L-0 101 Z\" fill=\"#f7f7f7\" stroke-width=\"0\" stroke=\"\"\/> \r\n                            <path d=\"M-0 -1 L-0 50 C20 0, 30 0,50 50 S 80 100,100 50  L100 -1 Z\" fill=\"#91eacf\" stroke-width=\"0\" stroke=\"\"\/>\r\n                        <\/svg><\/section><div id=\"element_25\" class=\"wl_team_custom title-top style- content-align-center clearfix\" ><div class=\"profile\"><h3 class=\"profile-heading \" ><span>Naomi<\/span><\/h3><h4 class=\"profile-subheading sub-heading \">Dise\u00f1o Grafico<\/h4><figure><div class=\"top-image\"><img decoding=\"async\" style=\"\" src=\"https:\/\/jjr.kami-mac.com\/wp-content\/uploads\/2024\/03\/IMG-20240318-WA0003.jpg\" class=\"img-responsive\" alt=\"\" \/><\/div><figcaption><p>Entre a este proyecto por que en mi colegio hay una actividad que se llama feria de ciencias , donde tuvimos la oportunidad de presentar un proyecto novedoso, aut\u00e9ntico, cient\u00edfico, y original. mi equipo y yo tomamos la decisi\u00f3n de que el profesor de rob\u00f3tica fuera nuestro asesor en este proyecto, aunque al principio no ten\u00edamos una idea clara de lo que quer\u00edamos, el profesor nos oriento para aclarar nuestra idea. Al d\u00eda de hoy ya tenemos desarrollado un software que nos ayuda a identificar problemas de \u00edndole emocional y psicol\u00f3gico, cuando hab\u00edamos cre\u00eddo que la inform\u00e1tica y las emociones no tendr\u00edan nunca una relaci\u00f3n y eso es lo que yo considero es lo m\u00e0s aut\u00e9ntico de este proyecto, adem\u00e1s de que esta pensado en adolescentes, que es la etapa por la que estamos pas\u00e1ndo todas nosotras.<\/p><ul class=\"profile-scocial\"><\/ul><\/figcaption><\/figure><\/div><\/div><\/div><\/div><div id=\"element_26\" class=\"wl_column grid-2\"><div class=\"inner-column\" ><section id=\"element_27177667835634\" class=\"wl_separator separator_model_6\" style=\"height: 50px;\">\r\n                        <svg preserveAspectRatio=\"none\" viewBox=\"0 0 100 100\" height=\"100%\" width=\"100%\" version=\"1.1\" xmlns=\"http:\/\/www.w3.org\/2000\/svg\" >\r\n                            <path d=\"M-0 50  C20 0, 30 0,50 50 S 80 100,100 50  L100 101 L-0 101 Z\" fill=\"#f7f7f7\" stroke-width=\"0\" stroke=\"\"\/> \r\n                            <path d=\"M-0 -1 L-0 50 C20 0, 30 0,50 50 S 80 100,100 50  L100 -1 Z\" fill=\"#91eacf\" stroke-width=\"0\" stroke=\"\"\/>\r\n                        <\/svg><\/section><div id=\"element_28\" class=\"wl_team_custom title-top style- content-align-center clearfix\" ><div class=\"profile\"><h3 class=\"profile-heading \" ><span>Emilia <\/span><\/h3><h4 class=\"profile-subheading sub-heading \">Metodologia<\/h4><figure><div class=\"top-image\"><img decoding=\"async\" style=\"\" src=\"https:\/\/jjr.kami-mac.com\/wp-content\/uploads\/2024\/03\/e.jpg\" class=\"img-responsive\" alt=\"\" \/><\/div><figcaption><p>Yo soy Emilia y decid\u00ed unirme a este proyecto por qu\u00e9 me interesa la programaci\u00f3n y tambi\u00e9n el poder ayudar a las personas que quieren saber si tienen s\u00edntomas de depresi\u00f3n<\/p><ul class=\"profile-scocial\"><\/ul><\/figcaption><\/figure><\/div><\/div><\/div><\/div><div id=\"element_29\" class=\"wl_column grid-2\"><div class=\"inner-column\" ><section id=\"element_30177667835627\" class=\"wl_separator separator_model_6\" style=\"height: 50px;\">\r\n                        <svg preserveAspectRatio=\"none\" viewBox=\"0 0 100 100\" height=\"100%\" width=\"100%\" version=\"1.1\" xmlns=\"http:\/\/www.w3.org\/2000\/svg\" >\r\n                            <path d=\"M-0 50  C20 0, 30 0,50 50 S 80 100,100 50  L100 101 L-0 101 Z\" fill=\"#f7f7f7\" stroke-width=\"0\" stroke=\"\"\/> \r\n                            <path d=\"M-0 -1 L-0 50 C20 0, 30 0,50 50 S 80 100,100 50  L100 -1 Z\" fill=\"#91eacf\" stroke-width=\"0\" stroke=\"\"\/>\r\n                        <\/svg><\/section><div id=\"element_31\" class=\"wl_team_custom title-top style- content-align-center clearfix\" ><div class=\"profile\"><h3 class=\"profile-heading \" ><span>Israel Lopez \u00c1ngeles <\/span><\/h3><h4 class=\"profile-subheading sub-heading \">Asesor<\/h4><figure><div class=\"top-image\"><img decoding=\"async\" style=\"\" src=\"https:\/\/jjr.kami-mac.com\/wp-content\/uploads\/2024\/03\/IMG-20190711-WA0017.jpg\" class=\"img-responsive\" alt=\"\" \/><\/div><figcaption><p>Profesor de Robotica que Asesoro al proyecto NSI<\/p><ul class=\"profile-scocial\"><\/ul><\/figcaption><\/figure><\/div><\/div><\/div><\/div><\/div><\/div><section id=\"element_32177667835669\" class=\"wl_separator separator_model_6\" style=\"height: 50px;\">\r\n                        <svg preserveAspectRatio=\"none\" viewBox=\"0 0 100 100\" height=\"100%\" width=\"100%\" version=\"1.1\" xmlns=\"http:\/\/www.w3.org\/2000\/svg\" >\r\n                            <path d=\"M-0 50  C20 0, 30 0,50 50 S 80 100,100 50  L100 101 L-0 101 Z\" fill=\"#ffffff\" stroke-width=\"0\" stroke=\"\"\/> \r\n                            <path d=\"M-0 -1 L-0 50 C20 0, 30 0,50 50 S 80 100,100 50  L100 -1 Z\" fill=\"#73d6cd\" stroke-width=\"0\" stroke=\"\"\/>\r\n                        <\/svg><\/section><div id=\"element_33177667835669\" class=\"wl_row \" ><div class=\"inner-row\"><div id=\"element_34\" class=\"wl_column grid-6\"><div class=\"inner-column\" ><div id=\"element-35\" class=\"section-head center dc- dc-color-secondary\"><div><h1 class=\"section-main-title \">DONDE NACE NSI<\/h1><\/div><\/div><section id=\"element_36177667835618\" class=\"wl_separator separator_model_6\" style=\"height: 50px;\">\r\n                        <svg preserveAspectRatio=\"none\" viewBox=\"0 0 100 100\" height=\"100%\" width=\"100%\" version=\"1.1\" xmlns=\"http:\/\/www.w3.org\/2000\/svg\" >\r\n                            <path d=\"M-0 50  C20 0, 30 0,50 50 S 80 100,100 50  L100 101 L-0 101 Z\" fill=\"#ffffff\" stroke-width=\"0\" stroke=\"\"\/> \r\n                            <path d=\"M-0 -1 L-0 50 C20 0, 30 0,50 50 S 80 100,100 50  L100 -1 Z\" fill=\"#73d6cd\" stroke-width=\"0\" stroke=\"\"\/>\r\n                        <\/svg><\/section><div id=\"element_37177667835689\" class=\"wl_text\"><p>I am text block. Click edit button to change this text. Lorem ipsum dolor sit amet, consectetur adipiscing elit. Ut elit tellus, luctus nec ullamcorper mattis, pulvinar dapibus leo.<br \/>\nLorem ipsum dolor sit amet, consectetur adipiscing elit. Ut elit tellus, luctus nec ullamcorper mattis, pulvinar dapibus leo.<\/p>\n<\/div><div id=\"element_38177667835688\" class=\"wl_text\"><p>NSI es un software el cual se conoce como un conjunto de programas y rutinas que permiten a la computadora realizar determinadas tareas, remontemos a los primeros tiempos de la inform\u00e1tica, cuando los operadores programaban las maquinas directamente mediante el uso de tarjetas perforadas o introduciendo comandos en un terminal. Poco a poco con el tiempo fue cambiando la tecnolog\u00eda, ahora los ordenadores se hicieron m\u00e1s potentes y sofisticados, por lo que se desarrollaron programas inform\u00e1ticos que pod\u00edan automatizar las tareas rutinarias, aumentando la presi\u00f3n hacia estos sistemas. Los softwares se clasifican en aplicaci\u00f3n, programaci\u00f3n y sistemas; los softwares de aplicaci\u00f3n son todos aquellos programas m\u00e1s comunes que usamos en nuestro d\u00eda a d\u00eda, como Word, Excel y Power Point, su \u00e1mbito es muy amplio y abarca ofim\u00e1tica y editores de texto, programas que permiten realizar diversas funciones enfocadas hac\u00eda el \u00e1mbito recreativo o laboral, los softwares de programaci\u00f3n son aquellos programas cuya especialidad es crear otros programas con un software se pueden crear juegos y aplicaciones para PC y los software de Sistemas en el sistema operativo en la PC, es lo primero que se ve al prender el computador, sin sistema operativo una computadora no funciona.<\/p>\n<p>En la actualidad el tema de relevancia llamado depresi\u00f3n es una enfermedad que se caracteriza por una tristeza persistente y por la p\u00e9rdida de inter\u00e9s en las actividades con las que normalmente se disfruta, as\u00ed como por la incapacidad para llevar a cabo las actividades cotidianas, tener ganas de llorar, sentir un vac\u00edo, desesperaci\u00f3n, arrebatos de enojo, irritabilidad, frustraci\u00f3n, perdida de inter\u00e9s por las cosas y en algunos casos perder el apetito o comer m\u00e1s de lo debido durante al menos dos semanas.<\/p>\n<p>En este proyecto se utiliz\u00f3 el software de aplicaci\u00f3n para formular y complementar preguntas las cuales se consultaron con un especialista y fuentes confiables para poder tener la mejor informaci\u00f3n de apoyo que da a conocer a las personas que pueden tener depresi\u00f3n sin saberlo solo a un nivel no tan avanzado.<\/p>\n<\/div><\/div><\/div><div id=\"element_39\" class=\"wl_column grid-6\"><div class=\"inner-column\" ><div id=\"element-40\" class=\"section-head center dc- dc-color-secondary\"><div><h1 class=\"section-main-title \">HIPOTESIS<\/h1><\/div><\/div><section id=\"element_41177667835662\" class=\"wl_separator separator_model_6\" style=\"height: 50px;\">\r\n                        <svg preserveAspectRatio=\"none\" viewBox=\"0 0 100 100\" height=\"100%\" width=\"100%\" version=\"1.1\" xmlns=\"http:\/\/www.w3.org\/2000\/svg\" >\r\n                            <path d=\"M-0 50  C20 0, 30 0,50 50 S 80 100,100 50  L100 101 L-0 101 Z\" fill=\"#ffffff\" stroke-width=\"0\" stroke=\"\"\/> \r\n                            <path d=\"M-0 -1 L-0 50 C20 0, 30 0,50 50 S 80 100,100 50  L100 -1 Z\" fill=\"#73d6cd\" stroke-width=\"0\" stroke=\"\"\/>\r\n                        <\/svg><\/section><div id=\"element_42177667835625\" class=\"wl_text\"><p>Si se desarrolla un software como apoyo en la presencia de depresi\u00f3n entonces la mayor parte de las comunidades tendr\u00e1n el apoyo su r\u00e1pida y oportuna atenci\u00f3n con un especialista.<\/p>\n<p>Si el software da apoyo en indicar si hay presencia de s\u00edntomas de depresi\u00f3n con bajos niveles a tiempo, entonces el \u00edndice de suicidios se disminuir\u00e1.<\/p>\n<p>Al ser una herramienta amigable, y que puede estar al alcance de cualquiera, la posibilidad de que mayor n\u00famero de personas detecte a tiempo la depresi\u00f3n es m\u00e1s alta que esperar a que se animen a visitar a un psic\u00f3logo.<\/p>\n<\/div><\/div><\/div><\/div><\/div><section id=\"element_43177667835676\" class=\"wl_separator separator_model_6\" style=\"height: 50px;\">\r\n                        <svg preserveAspectRatio=\"none\" viewBox=\"0 0 100 100\" height=\"100%\" width=\"100%\" version=\"1.1\" xmlns=\"http:\/\/www.w3.org\/2000\/svg\" >\r\n                            <path d=\"M-0 50  C20 0, 30 0,50 50 S 80 100,100 50  L100 101 L-0 101 Z\" fill=\"#ffffff\" stroke-width=\"0\" stroke=\"\"\/> \r\n                            <path d=\"M-0 -1 L-0 50 C20 0, 30 0,50 50 S 80 100,100 50  L100 -1 Z\" fill=\"#82e0cf\" stroke-width=\"0\" stroke=\"\"\/>\r\n                        <\/svg><\/section><div id=\"element_44177667835677\" class=\"wl_row \" ><div class=\"inner-row\"><div id=\"element_45\" class=\"wl_column grid-12\"><div class=\"inner-column\" ><div id=\"element_46177667835645\" class=\"wl_text\"><p>Copyright \u00a9 2024\u00a0 NSI\u00a0 Todos los derechos reservados.<\/p>\n<\/div><\/div><\/div><\/div><\/div><\/p>\n","protected":false},"excerpt":{"rendered":"","protected":false},"author":1,"featured_media":0,"parent":0,"menu_order":0,"comment_status":"closed","ping_status":"closed","template":"blank_page.php","meta":{"footnotes":""},"class_list":["post-112","page","type-page","status-publish","hentry"],"_links":{"self":[{"href":"https:\/\/jjr.kami-mac.com\/index.php\/wp-json\/wp\/v2\/pages\/112","targetHints":{"allow":["GET"]}}],"collection":[{"href":"https:\/\/jjr.kami-mac.com\/index.php\/wp-json\/wp\/v2\/pages"}],"about":[{"href":"https:\/\/jjr.kami-mac.com\/index.php\/wp-json\/wp\/v2\/types\/page"}],"author":[{"embeddable":true,"href":"https:\/\/jjr.kami-mac.com\/index.php\/wp-json\/wp\/v2\/users\/1"}],"replies":[{"embeddable":true,"href":"https:\/\/jjr.kami-mac.com\/index.php\/wp-json\/wp\/v2\/comments?post=112"}],"version-history":[{"count":34,"href":"https:\/\/jjr.kami-mac.com\/index.php\/wp-json\/wp\/v2\/pages\/112\/revisions"}],"predecessor-version":[{"id":164,"href":"https:\/\/jjr.kami-mac.com\/index.php\/wp-json\/wp\/v2\/pages\/112\/revisions\/164"}],"wp:attachment":[{"href":"https:\/\/jjr.kami-mac.com\/index.php\/wp-json\/wp\/v2\/media?parent=112"}],"curies":[{"name":"wp","href":"https:\/\/api.w.org\/{rel}","templated":true}]}}